{"id":1875,"date":"2023-12-11T07:39:07","date_gmt":"2023-12-11T07:39:07","guid":{"rendered":"http:\/\/www.permacultuurnederland.org\/wp\/?page_id=1875"},"modified":"2023-12-11T12:21:17","modified_gmt":"2023-12-11T12:21:17","slug":"de-10-fordelene-med-felleshager","status":"publish","type":"page","link":"http:\/\/www.permacultuurnederland.org\/wp\/de-10-fordelene-med-felleshager\/","title":{"rendered":"De 10 fordelene med felleshager"},"content":{"rendered":"<p>Felleshager har en rekke fordeler. De forbedrer matsikkerheten i et nabolag, sparer kommunen for penger og \u00f8ker den sosiale kontakten og aktiviteten i nabolaget. I denne artikkelen f\u00e5r du en oversikt over de 10 ulike fordelene.<\/p>\n<ol>\n<li><strong>Sparer kommunale kostnader<\/strong><\/li>\n<li><strong>&#8220;Parker&#8221; i lommeformat<\/strong><\/li>\n<li><strong>Fysisk aktivitet<\/strong><\/li>\n<li><strong>Forbedret kosthold<\/strong><\/li>\n<li><strong>Matproduksjon<\/strong><\/li>\n<li><strong>Urbant \u00f8kosystem<\/strong><\/li>\n<li><strong>Utdanning for ungdom<\/strong><\/li>\n<li><strong>Kulturelle muligheter<\/strong><\/li>\n<li><strong>Den terapeutiske effekten av hager<\/strong><\/li>\n<li><strong>Kriminalitetsforebygging<\/strong><\/li>\n<\/ol>\n<p><img loading=\"lazy\" decoding=\"async\" class=\"aligncenter wp-image-1879 size-full\" src=\"http:\/\/www.permacultuurnederland.org\/wp\/wp-content\/uploads\/2023\/12\/000.jpg\" alt=\"\" width=\"1200\" height=\"800\" srcset=\"https:\/\/www.permacultuurnederland.org\/wp\/wp-content\/uploads\/2023\/12\/000.jpg 1200w, https:\/\/www.permacultuurnederland.org\/wp\/wp-content\/uploads\/2023\/12\/000-300x200.jpg 300w, https:\/\/www.permacultuurnederland.org\/wp\/wp-content\/uploads\/2023\/12\/000-1024x683.jpg 1024w, https:\/\/www.permacultuurnederland.org\/wp\/wp-content\/uploads\/2023\/12\/000-768x512.jpg 768w\" sizes=\"auto, (max-width: 1200px) 100vw, 1200px\" \/><\/p>\n<p><strong>1. Sparer kommunale kostnader<\/strong><br \/>\nFellesskapshager er \u00f8konomisk fordelaktig for kommunene:<\/p>\n<ul>\n<li>Det er billigere \u00e5 utvikle og vedlikeholde felleshager enn \u00e5 utvikle og vedlikeholde parker. Dette skyldes at hagene vedlikeholdes av lokalsamfunnet, noe som gj\u00f8r at kommunen sparer l\u00f8nnskostnader til vedlikehold av gr\u00f8ntomr\u00e5der.<\/li>\n<li>I felleshager komposteres og resirkuleres biologisk nedbrytbart avfall. Dette reduserer avfallsmengden hos kommunens <span style=\"font-weight: 400;\">i renovasjonsetaten<\/span>.<br \/>\nFelleshager gir folk mulighet til \u00e5 trekke seg tilbake fra st\u00f8yen og maset i det urbane milj\u00f8et.<\/li>\n<li>Det har vist seg at felleshager kan f\u00f8re til en verdi\u00f8kning p\u00e5 husene i umiddelbar n\u00e6rhet, ettersom folk liker \u00e5 bo i n\u00e6rheten av felleshager.<\/li>\n<\/ul>\n<p><strong>2. &#8220;Miniparker&#8221;<\/strong><\/p>\n<ul>\n<li>Felleshager forskj\u00f8nner nabolaget. Folk blir mer bevisste p\u00e5 sitt\u00a0 ansvar og setter st\u00f8rre pris p\u00e5 alt som lever.<\/li>\n<li>De viktigste faktorene for et godt bomilj\u00f8 er trygge gater og tilgang til gr\u00f8nne og \u00e5pne omr\u00e5der, viser en innbyggerunders\u00f8kelse. I en annen unders\u00f8kelse svarte sm\u00e5bedriftseiere at rekreasjon, parker og friomr\u00e5der er de viktigste kriteriene n\u00e5r de leter etter et nytt forretningssted.<\/li>\n<li>Gr\u00f8ntomr\u00e5dene i byene er desverre ofte ujevnt fordelt, og i nabolag der det bor folk med lav inntekt, er det begrenset med gr\u00f8ntomr\u00e5der.<\/li>\n<\/ul>\n<p><img loading=\"lazy\" decoding=\"async\" class=\"aligncenter wp-image-1881 size-full\" src=\"http:\/\/www.permacultuurnederland.org\/wp\/wp-content\/uploads\/2023\/12\/community_garden11.jpg\" alt=\"\" width=\"500\" height=\"375\" srcset=\"https:\/\/www.permacultuurnederland.org\/wp\/wp-content\/uploads\/2023\/12\/community_garden11.jpg 500w, https:\/\/www.permacultuurnederland.org\/wp\/wp-content\/uploads\/2023\/12\/community_garden11-300x225.jpg 300w\" sizes=\"auto, (max-width: 500px) 100vw, 500px\" \/><\/p>\n<p><strong>3. Fysisk aktivitet<\/strong><\/p>\n<ul>\n<li>Hager kan gi rom for rekreasjon og fysisk aktivitet. If\u00f8lge American Journal of Preventive Medicine resulterte &#8220;etablering av eller bedre tilgang til steder for fysisk aktivitet kombinert med informasjon&#8221; i en \u00f8kning p\u00e5 48,4 % i hyppigheten av fysisk aktivitet, i tillegg til en gjennomsnittlig \u00f8kning p\u00e5 5,1 % i aerob kapasitet, redusert kroppsfett, vekttap, bedre bevegelighet og \u00f8kt opplevd energi.<\/li>\n<\/ul>\n<p><strong>4. Forbedret kosthold<\/strong><\/p>\n<ul>\n<li>Unders\u00f8kelser (f.eks. av Lacky and Associates) viser at barnefamilier som dyrker lokale hager spiser sunnere og f\u00e5r i seg flere n\u00e6ringsstoffer enn familier som ikke gj\u00f8r det.<\/li>\n<li>\u00c5 spise lokalprodusert mat reduserer forekomsten av astma fordi barna f\u00e5r i seg h\u00e5ndterbare mengder lokal pollen, noe som styrker immunforsvaret.<\/li>\n<li>\u00d8kt inntak av fersk, lokal mat er en av de beste m\u00e5tene \u00e5 bekjempe blyforgiftning hos barn og eksponering for kunstgj\u00f8dsel og plantevernmidler p\u00e5.<\/li>\n<\/ul>\n<p><img loading=\"lazy\" decoding=\"async\" class=\"aligncenter wp-image-1880 size-full\" src=\"http:\/\/www.permacultuurnederland.org\/wp\/wp-content\/uploads\/2023\/12\/34ce0a7b4302428693c9e28d5b8f8e831.jpg\" alt=\"\" width=\"570\" height=\"321\" srcset=\"https:\/\/www.permacultuurnederland.org\/wp\/wp-content\/uploads\/2023\/12\/34ce0a7b4302428693c9e28d5b8f8e831.jpg 570w, https:\/\/www.permacultuurnederland.org\/wp\/wp-content\/uploads\/2023\/12\/34ce0a7b4302428693c9e28d5b8f8e831-300x169.jpg 300w\" sizes=\"auto, (max-width: 570px) 100vw, 570px\" \/><\/p>\n<p><strong>5. Matproduksjon<\/strong><\/p>\n<ul>\n<li>Felleshager gir tilgang til tradisjonelle r\u00e5varer og n\u00e6ringsrik mat som ellers ville v\u00e6rt utilgjengelig for familier og enkeltpersoner med lav inntekt.<\/li>\n<li>Felleshager gj\u00f8r det mulig for familier og enkeltpersoner uten egen jord \u00e5 produsere sin egen mat. Ofte drar gartnerne nytte av de eldres erfaring og produserer en betydelig mengde mat til husholdningen.<\/li>\n<li>Urbant landbruk er 3-5 ganger mer produktivt per hektar enn tradisjonelt stordriftslandbruk.<\/li>\n<li>Lokalt landbruk sparer ressurser ved \u00e5 forkorte varekjeden, redusere bruken av transport og emballasje og dermed drivstoff. I 1999 dyrket 15 hager i New York, samlet under organisasjonen Just Foods City Farms Program, opp mot 5000 kilo fersk frukt og gr\u00f8nnsaker. Nesten 50 % ble donert til suppekj\u00f8kken og matbanker i nabolaget.<\/li>\n<\/ul>\n<p><strong>6. Det urbane \u00f8kosystemet<\/strong><\/p>\n<p>Hager bidrar til \u00e5 forbedre helsen til det urbane \u00f8kosystemet ved \u00e5:<\/p>\n<ul>\n<li>filtrere regnvann. Dermed bidrar hagene til \u00e5 holde innsj\u00f8er, elver og grunnvann rent (planter som lever i symbiose med mikroorganismer, bidrar til \u00e5 rense og filtrere vannet n\u00e5r det siver gjennom jorden).<\/li>\n<li>reduserer jorderosjon og avrenning, noe som reduserer oversv\u00f8mmelser og sparer byen for penger.<\/li>\n<li>gjenoppretter oksygenniv\u00e5et i luften og bidrar til \u00e5 redusere luftforurensning gjennom gassutvekslingssystemene i blader og jord.<\/li>\n<li>reduserer &#8220;varme\u00f8y-effekten&#8221;, og hagene reduserer bruken av klimaanlegg og energiregningene.<\/li>\n<li>Hager absorberer mye vann og reduserer derfor kloakkoverl\u00f8p til overflatevann i store og langvarige regnv\u00e6rsperioder.<\/li>\n<\/ul>\n<p><img loading=\"lazy\" decoding=\"async\" class=\"aligncenter size-full wp-image-1887\" src=\"http:\/\/www.permacultuurnederland.org\/wp\/wp-content\/uploads\/2023\/12\/unnamed.jpg\" alt=\"\" width=\"400\" height=\"500\" srcset=\"https:\/\/www.permacultuurnederland.org\/wp\/wp-content\/uploads\/2023\/12\/unnamed.jpg 400w, https:\/\/www.permacultuurnederland.org\/wp\/wp-content\/uploads\/2023\/12\/unnamed-240x300.jpg 240w\" sizes=\"auto, (max-width: 400px) 100vw, 400px\" \/><\/p>\n<p><strong>7. Utdanning av ungdom<\/strong><\/p>\n<ul>\n<li>Felleshager kan fungere som et utend\u00f8rs klasserom der ungdom kan tilegne seg verdifulle ferdigheter som biologi, anvendt matematikk, kommunikasjon, ansvar, mosjon, utvidet kunnskap om mat (kunnskap = mat) og samarbeid. De gir ogs\u00e5 mulighet til \u00e5 l\u00e6re om viktigheten av fellesskap, forvaltning og \u00f8kologisk ansvar.<\/li>\n<li>San Francisco League of Urban Gardeners i California driver et program i Alemany, et omr\u00e5de med 84 % arbeidsledighet. Programmet sysselsetter 20-25 lokale ungdommer i l\u00f8pet av skole\u00e5ret og rundt 60 om sommeren. De f\u00e5r oppl\u00e6ring i hagearbeid, landskapsarbeid, restaurering av biotoper, jobbferdigheter og lederutvikling.<\/li>\n<\/ul>\n<p><strong>8. Kulturelle muligheter<\/strong><\/p>\n<ul>\n<li>Fellesskapshager gir unike muligheter til \u00e5 utvikle relasjoner b\u00e5de innenfor og utenfor fysiske og sosiale grenser. P\u00e5 steder som Twin Cities i USA , der det bor store grupper av f\u00f8rste- og andregenerasjons innvandrere, har hagene v\u00e6rt et sted for:<br \/>\n&#8211; eksponering for kulturelle tradisjoner p\u00e5 tvers av generasjoner<br \/>\n&#8211; kulturutveksling med andre gartnere<br \/>\n&#8211; tilgang til samfunn som snakker et annet spr\u00e5k<\/li>\n<li>I hager i New York som er tilknyttet foreningen Greenthumb, bor det gartnere fra 45 forskjellige land og mange regioner i USA.<\/li>\n<li><span style=\"font-weight: 400;\">Nyere forskning har vist at beboere i gr\u00f8nne omr\u00e5der er mer tilb\u00f8yelige til \u00e5 bruke fellesarealer enn dem som bor i golde omr\u00e5der, og at de dermed har st\u00f8rre sannsynlighet for \u00e5 f\u00e5 kontakt med naboene.<\/span><\/li>\n<\/ul>\n<p><img loading=\"lazy\" decoding=\"async\" class=\"aligncenter size-full wp-image-1883\" src=\"http:\/\/www.permacultuurnederland.org\/wp\/wp-content\/uploads\/2023\/12\/community-garden-educate-getty-gift-culture.jpg\" alt=\"\" width=\"900\" height=\"506\" srcset=\"https:\/\/www.permacultuurnederland.org\/wp\/wp-content\/uploads\/2023\/12\/community-garden-educate-getty-gift-culture.jpg 900w, https:\/\/www.permacultuurnederland.org\/wp\/wp-content\/uploads\/2023\/12\/community-garden-educate-getty-gift-culture-300x169.jpg 300w, https:\/\/www.permacultuurnederland.org\/wp\/wp-content\/uploads\/2023\/12\/community-garden-educate-getty-gift-culture-768x432.jpg 768w\" sizes=\"auto, (max-width: 900px) 100vw, 900px\" \/><\/p>\n<p><strong>9. Den terapeutiske effekten av hager<\/strong><\/p>\n<ul>\n<li>Eksponering for gr\u00f8ntomr\u00e5der reduserer stress og \u00f8ker f\u00f8lelsen av velv\u00e6re og trygghet.<\/li>\n<li>&#8220;En ti prosents \u00f8kning i gr\u00f8nne og \u00e5pne omr\u00e5der i nabolaget f\u00f8rte til en reduksjon i helseplager. Det tilsvarer \u00e5 redusere en persons alder med fem \u00e5r.<\/li>\n<li>The Vets Garden i Brentwood, California, har 35 pasienter, hvorav mange ikke har v\u00e6rt i stand til \u00e5 holde p\u00e5 en jobb siden Vietnamkrigen. Siden programmet startet, har sykehusoppholdene g\u00e5tt betydelig ned, gartnerne gj\u00f8r raskere fremskritt og er bedre i stand til \u00e5 delta i det normale livet og g\u00e5 videre til jobber utenfor sykehuset.<\/li>\n<li>Veteranene har f\u00e5tt mulighet til \u00e5 jobbe med hagearbeid og landskapsarbeid, og flere av deltakerne har til og med begynt p\u00e5 skolen igjen.<\/li>\n<\/ul>\n<p><strong>10. Kriminalitetsforebygging<\/strong><\/p>\n<ul>\n<li>Fellesskapshager \u00f8ker f\u00f8lelsen av felles eierskap og forvalteransvar. De fremmer utviklingen av en felles identitet og inspirasjon.<\/li>\n<li>Felleshager er et samlingspunkt for felles organisering og kan f\u00f8re til felles innsats for \u00e5 l\u00f8se andre sosiale problemer.<\/li>\n<li>Felleshager gir ungdom et trygt sted \u00e5 v\u00e6re sammen med jevnaldrende og kan engasjere dem i positive aktiviteter.<\/li>\n<li><span style=\"font-weight: 400;\">Felleshager leder til at deltakerne skaper andre slags nabolagsfelleskap, som \u00f8ker tilstedev\u00e6relse og trygghet i gatene. <\/span><\/li>\n<li>Vitenskapelige studier viser at kriminaliteten i nabolag g\u00e5r ned n\u00e5r det blir mer gr\u00f8nt, og at gr\u00f8ntomr\u00e5der reduserer mental utmattelse, som er en av forl\u00f8perne til voldelig atferd.<\/li>\n<li>Mange politistyrker anerkjenner hagearbeid i n\u00e6rmilj\u00f8et som en effektiv kriminalitetsforebyggende strategi.<\/li>\n<li>&#8220;I Philadelphia gikk innbrudd og tyverier ned med 90 prosent etter at politiet hjalp beboerne med \u00e5 rydde opp p\u00e5 ledige tomter og anlegge hager p\u00e5 dem&#8221;.<\/li>\n<\/ul>\n<p><img loading=\"lazy\" decoding=\"async\" class=\"aligncenter size-full wp-image-1882\" src=\"http:\/\/www.permacultuurnederland.org\/wp\/wp-content\/uploads\/2023\/12\/community-garden.jpg\" alt=\"\" width=\"1024\" height=\"683\" srcset=\"https:\/\/www.permacultuurnederland.org\/wp\/wp-content\/uploads\/2023\/12\/community-garden.jpg 1024w, https:\/\/www.permacultuurnederland.org\/wp\/wp-content\/uploads\/2023\/12\/community-garden-300x200.jpg 300w, https:\/\/www.permacultuurnederland.org\/wp\/wp-content\/uploads\/2023\/12\/community-garden-768x512.jpg 768w\" sizes=\"auto, (max-width: 1024px) 100vw, 1024px\" \/><\/p>\n<p>For kildehenvisning: se originalartikkelen der det refereres til 21 ulike vitenskapelige kilder.<br \/>\n<a href=\"http:\/\/www.permacultuurnederland.org\/wp\/wp-content\/uploads\/2014\/02\/multiple_benefits.pdf\" target=\"_blank\" rel=\"noopener\">The Multiple Benefits of Community Gardens<\/a><\/p>\n<figure id=\"attachment_1886\" aria-describedby=\"caption-attachment-1886\" style=\"width: 400px\" class=\"wp-caption aligncenter\"><img loading=\"lazy\" decoding=\"async\" class=\"wp-image-1886 size-full\" src=\"http:\/\/www.permacultuurnederland.org\/wp\/wp-content\/uploads\/2023\/12\/Spreading-the-Word.jpg\" alt=\"\" width=\"400\" height=\"318\" srcset=\"https:\/\/www.permacultuurnederland.org\/wp\/wp-content\/uploads\/2023\/12\/Spreading-the-Word.jpg 400w, https:\/\/www.permacultuurnederland.org\/wp\/wp-content\/uploads\/2023\/12\/Spreading-the-Word-300x239.jpg 300w\" sizes=\"auto, (max-width: 400px) 100vw, 400px\" \/><figcaption id=\"caption-attachment-1886\" class=\"wp-caption-text\">P\u00e5 internett har leserne makten. De bestemmer hvilken informasjon som g\u00e5r verden rundt! Du er kanskje ikke klar over det, men hvis hver leser sender en lenke til 3 interesserte personer, tar det bare 21 skritt \u00e5 n\u00e5 ut til 10 460 353 203 personer! Vil du at det skal skje? Bruk makten din!<\/figcaption><\/figure>\n","protected":false},"excerpt":{"rendered":"<p>Felleshager har en rekke fordeler. De forbedrer matsikkerheten i et nabolag, sparer kommunen for penger og \u00f8ker den sosiale kontakten og aktiviteten i nabolaget. I denne artikkelen f\u00e5r du en oversikt over de 10 ulike fordelene. Sparer kommunale kostnader &#8220;Parker&#8221; i lommeformat Fysisk aktivitet Forbedret kosthold Matproduksjon Urbant \u00f8kosystem Utdanning for ungdom Kulturelle muligheter Den &hellip; <a href=\"http:\/\/www.permacultuurnederland.org\/wp\/de-10-fordelene-med-felleshager\/\" class=\"more-link\">Lees verder <span class=\"screen-reader-text\">De 10 fordelene med felleshager<\/span> <span class=\"meta-nav\">&rarr;<\/span><\/a><\/p>\n","protected":false},"author":1,"featured_media":0,"parent":0,"menu_order":0,"comment_status":"closed","ping_status":"closed","template":"","meta":{"footnotes":""},"class_list":["post-1875","page","type-page","status-publish","hentry"],"_links":{"self":[{"href":"https:\/\/www.permacultuurnederland.org\/wp\/wp-json\/wp\/v2\/pages\/1875","targetHints":{"allow":["GET"]}}],"collection":[{"href":"https:\/\/www.permacultuurnederland.org\/wp\/wp-json\/wp\/v2\/pages"}],"about":[{"href":"https:\/\/www.permacultuurnederland.org\/wp\/wp-json\/wp\/v2\/types\/page"}],"author":[{"embeddable":true,"href":"https:\/\/www.permacultuurnederland.org\/wp\/wp-json\/wp\/v2\/users\/1"}],"replies":[{"embeddable":true,"href":"https:\/\/www.permacultuurnederland.org\/wp\/wp-json\/wp\/v2\/comments?post=1875"}],"version-history":[{"count":7,"href":"https:\/\/www.permacultuurnederland.org\/wp\/wp-json\/wp\/v2\/pages\/1875\/revisions"}],"predecessor-version":[{"id":1893,"href":"https:\/\/www.permacultuurnederland.org\/wp\/wp-json\/wp\/v2\/pages\/1875\/revisions\/1893"}],"wp:attachment":[{"href":"https:\/\/www.permacultuurnederland.org\/wp\/wp-json\/wp\/v2\/media?parent=1875"}],"curies":[{"name":"wp","href":"https:\/\/api.w.org\/{rel}","templated":true}]}}